{"id":3029,"date":"2019-11-14T15:09:25","date_gmt":"2019-11-14T14:09:25","guid":{"rendered":"https:\/\/www.aqapool.com\/hidromasaje\/"},"modified":"2025-01-21T11:42:30","modified_gmt":"2025-01-21T10:42:30","slug":"hydromassage","status":"publish","type":"page","link":"https:\/\/www.aqapool.com\/fr\/catalogue\/aqa\/hydromassage\/","title":{"rendered":"HYDROMASSAGE"},"content":{"rendered":"\n<h1>\n\t\tHYDROMASSAGE\n\t<\/h1>\n<h2>\n\t\tUN SENTIMENT DE BELLES BULLES\n\t<\/h2>\n\tNous avons une large gamme de produits d&rsquo;hydromassage pour fournir un effet relaxant gr\u00e2ce \u00e0 l&rsquo;impact des bulles d&rsquo;air.<br \/>\nOn peut trouver des lits d&rsquo;air encastr\u00e9s, doubles ou simples, avec une structure tubulaire pour favoriser le repos ou la fixation au sol.\nGrilles d&rsquo;hydromassage sol, mur, de diff\u00e9rentes conceptions et mesures qui nous offrent un bien-\u00eatre agr\u00e9able.<br \/>\nRELAX ET CONFORT DANS L&rsquo;EAU\n\n","protected":false},"excerpt":{"rendered":"<p>HYDROMASSAGE UN SENTIMENT DE BELLES BULLES Nous avons une large gamme de produits d&rsquo;hydromassage pour fournir un effet relaxant gr\u00e2ce \u00e0 l&rsquo;impact des bulles d&rsquo;air. On peut trouver des lits d&rsquo;air encastr\u00e9s, doubles ou simples, avec une structure tubulaire pour favoriser le repos ou la fixation au sol. Grilles d&rsquo;hydromassage sol, mur, de diff\u00e9rentes conceptions&hellip;<\/p>\n","protected":false},"author":1,"featured_media":0,"parent":3053,"menu_order":0,"comment_status":"closed","ping_status":"closed","template":"","meta":{"_acf_changed":false,"footnotes":""},"class_list":["post-3029","page","type-page","status-publish","hentry"],"acf":[],"yoast_head":"<!-- This site is optimized with the Yoast SEO plugin v26.1.1 - https:\/\/yoast.com\/wordpress\/plugins\/seo\/ -->\n<title>HYDROMASSAGE - AQA<\/title>\n<meta name=\"description\" content=\"HYDROMASSAGE UN SENTIMENT DE BELLES BULLES Nous avons une large gamme de produits d&#039;hydromassage pour fournir un effet relaxant gr\u00e2ce \u00e0 l&#039;impact des\" \/>\n<meta name=\"robots\" content=\"index, follow, max-snippet:-1, max-image-preview:large, max-video-preview:-1\" \/>\n<link rel=\"canonical\" href=\"https:\/\/www.aqapool.com\/catalogo\/productos\/hidromasaje\/\" \/>\n<meta property=\"og:locale\" content=\"fr_FR\" \/>\n<meta property=\"og:type\" content=\"article\" \/>\n<meta property=\"og:title\" content=\"HYDROMASSAGE - AQA\" \/>\n<meta property=\"og:description\" content=\"HYDROMASSAGE UN SENTIMENT DE BELLES BULLES Nous avons une large gamme de produits d&#039;hydromassage pour fournir un effet relaxant gr\u00e2ce \u00e0 l&#039;impact des\" \/>\n<meta property=\"og:url\" content=\"https:\/\/www.aqapool.com\/catalogo\/productos\/hidromasaje\/\" \/>\n<meta property=\"og:site_name\" content=\"AQA\" \/>\n<meta property=\"article:modified_time\" content=\"2025-01-21T10:42:30+00:00\" \/>\n<meta property=\"og:image\" content=\"https:\/\/www.aqapool.com\/wp-content\/uploads\/2020\/04\/LOGOTIP.png\" \/>\n\t<meta property=\"og:image:width\" content=\"356\" \/>\n\t<meta property=\"og:image:height\" content=\"137\" \/>\n\t<meta property=\"og:image:type\" content=\"image\/png\" \/>\n<meta name=\"twitter:card\" content=\"summary_large_image\" \/>\n<script type=\"application\/ld+json\" class=\"yoast-schema-graph\">{\"@context\":\"https:\/\/schema.org\",\"@graph\":[{\"@type\":\"WebPage\",\"@id\":\"https:\/\/www.aqapool.com\/catalogo\/productos\/hidromasaje\/\",\"url\":\"https:\/\/www.aqapool.com\/catalogo\/productos\/hidromasaje\/\",\"name\":\"HYDROMASSAGE - AQA\",\"isPartOf\":{\"@id\":\"https:\/\/www.aqapool.com\/fr\/#website\"},\"datePublished\":\"2019-11-14T14:09:25+00:00\",\"dateModified\":\"2025-01-21T10:42:30+00:00\",\"description\":\"HYDROMASSAGE UN SENTIMENT DE BELLES BULLES Nous avons une large gamme de produits d'hydromassage pour fournir un effet relaxant gr\u00e2ce \u00e0 l'impact des\",\"breadcrumb\":{\"@id\":\"https:\/\/www.aqapool.com\/catalogo\/productos\/hidromasaje\/#breadcrumb\"},\"inLanguage\":\"fr-FR\",\"potentialAction\":[{\"@type\":\"ReadAction\",\"target\":[\"https:\/\/www.aqapool.com\/catalogo\/productos\/hidromasaje\/\"]}]},{\"@type\":\"BreadcrumbList\",\"@id\":\"https:\/\/www.aqapool.com\/catalogo\/productos\/hidromasaje\/#breadcrumb\",\"itemListElement\":[{\"@type\":\"ListItem\",\"position\":1,\"name\":\"Portada\",\"item\":\"https:\/\/www.aqapool.com\/fr\/\"},{\"@type\":\"ListItem\",\"position\":2,\"name\":\"CATALOGUE\",\"item\":\"https:\/\/www.aqapool.com\/fr\/catalogue\/\"},{\"@type\":\"ListItem\",\"position\":3,\"name\":\"AQA\",\"item\":\"https:\/\/www.aqapool.com\/fr\/catalogue\/aqa\/\"},{\"@type\":\"ListItem\",\"position\":4,\"name\":\"HYDROMASSAGE\"}]},{\"@type\":\"WebSite\",\"@id\":\"https:\/\/www.aqapool.com\/fr\/#website\",\"url\":\"https:\/\/www.aqapool.com\/fr\/\",\"name\":\"AQA\",\"description\":\"Dise\u00f1o y fabricaci\u00f3n de productos para piscinas, spas y wellness\",\"publisher\":{\"@id\":\"https:\/\/www.aqapool.com\/fr\/#organization\"},\"potentialAction\":[{\"@type\":\"SearchAction\",\"target\":{\"@type\":\"EntryPoint\",\"urlTemplate\":\"https:\/\/www.aqapool.com\/fr\/?s={search_term_string}\"},\"query-input\":{\"@type\":\"PropertyValueSpecification\",\"valueRequired\":true,\"valueName\":\"search_term_string\"}}],\"inLanguage\":\"fr-FR\"},{\"@type\":\"Organization\",\"@id\":\"https:\/\/www.aqapool.com\/fr\/#organization\",\"name\":\"AQA - Dise\u00f1o y fabricaci\u00f3n de productos para piscinas, spas y wellness\",\"url\":\"https:\/\/www.aqapool.com\/fr\/\",\"logo\":{\"@type\":\"ImageObject\",\"inLanguage\":\"fr-FR\",\"@id\":\"https:\/\/www.aqapool.com\/fr\/#\/schema\/logo\/image\/\",\"url\":\"https:\/\/www.aqapool.com\/wp-content\/uploads\/2020\/04\/LOGOTIP.png\",\"contentUrl\":\"https:\/\/www.aqapool.com\/wp-content\/uploads\/2020\/04\/LOGOTIP.png\",\"width\":356,\"height\":137,\"caption\":\"AQA - Dise\u00f1o y fabricaci\u00f3n de productos para piscinas, spas y wellness\"},\"image\":{\"@id\":\"https:\/\/www.aqapool.com\/fr\/#\/schema\/logo\/image\/\"}}]}<\/script>\n<!-- \/ Yoast SEO plugin. -->","yoast_head_json":{"title":"HYDROMASSAGE - AQA","description":"HYDROMASSAGE UN SENTIMENT DE BELLES BULLES Nous avons une large gamme de produits d'hydromassage pour fournir un effet relaxant gr\u00e2ce \u00e0 l'impact des","robots":{"index":"index","follow":"follow","max-snippet":"max-snippet:-1","max-image-preview":"max-image-preview:large","max-video-preview":"max-video-preview:-1"},"canonical":"https:\/\/www.aqapool.com\/catalogo\/productos\/hidromasaje\/","og_locale":"fr_FR","og_type":"article","og_title":"HYDROMASSAGE - AQA","og_description":"HYDROMASSAGE UN SENTIMENT DE BELLES BULLES Nous avons une large gamme de produits d'hydromassage pour fournir un effet relaxant gr\u00e2ce \u00e0 l'impact des","og_url":"https:\/\/www.aqapool.com\/catalogo\/productos\/hidromasaje\/","og_site_name":"AQA","article_modified_time":"2025-01-21T10:42:30+00:00","og_image":[{"width":356,"height":137,"url":"https:\/\/www.aqapool.com\/wp-content\/uploads\/2020\/04\/LOGOTIP.png","type":"image\/png"}],"twitter_card":"summary_large_image","schema":{"@context":"https:\/\/schema.org","@graph":[{"@type":"WebPage","@id":"https:\/\/www.aqapool.com\/catalogo\/productos\/hidromasaje\/","url":"https:\/\/www.aqapool.com\/catalogo\/productos\/hidromasaje\/","name":"HYDROMASSAGE - AQA","isPartOf":{"@id":"https:\/\/www.aqapool.com\/fr\/#website"},"datePublished":"2019-11-14T14:09:25+00:00","dateModified":"2025-01-21T10:42:30+00:00","description":"HYDROMASSAGE UN SENTIMENT DE BELLES BULLES Nous avons une large gamme de produits d'hydromassage pour fournir un effet relaxant gr\u00e2ce \u00e0 l'impact des","breadcrumb":{"@id":"https:\/\/www.aqapool.com\/catalogo\/productos\/hidromasaje\/#breadcrumb"},"inLanguage":"fr-FR","potentialAction":[{"@type":"ReadAction","target":["https:\/\/www.aqapool.com\/catalogo\/productos\/hidromasaje\/"]}]},{"@type":"BreadcrumbList","@id":"https:\/\/www.aqapool.com\/catalogo\/productos\/hidromasaje\/#breadcrumb","itemListElement":[{"@type":"ListItem","position":1,"name":"Portada","item":"https:\/\/www.aqapool.com\/fr\/"},{"@type":"ListItem","position":2,"name":"CATALOGUE","item":"https:\/\/www.aqapool.com\/fr\/catalogue\/"},{"@type":"ListItem","position":3,"name":"AQA","item":"https:\/\/www.aqapool.com\/fr\/catalogue\/aqa\/"},{"@type":"ListItem","position":4,"name":"HYDROMASSAGE"}]},{"@type":"WebSite","@id":"https:\/\/www.aqapool.com\/fr\/#website","url":"https:\/\/www.aqapool.com\/fr\/","name":"AQA","description":"Dise\u00f1o y fabricaci\u00f3n de productos para piscinas, spas y wellness","publisher":{"@id":"https:\/\/www.aqapool.com\/fr\/#organization"},"potentialAction":[{"@type":"SearchAction","target":{"@type":"EntryPoint","urlTemplate":"https:\/\/www.aqapool.com\/fr\/?s={search_term_string}"},"query-input":{"@type":"PropertyValueSpecification","valueRequired":true,"valueName":"search_term_string"}}],"inLanguage":"fr-FR"},{"@type":"Organization","@id":"https:\/\/www.aqapool.com\/fr\/#organization","name":"AQA - Dise\u00f1o y fabricaci\u00f3n de productos para piscinas, spas y wellness","url":"https:\/\/www.aqapool.com\/fr\/","logo":{"@type":"ImageObject","inLanguage":"fr-FR","@id":"https:\/\/www.aqapool.com\/fr\/#\/schema\/logo\/image\/","url":"https:\/\/www.aqapool.com\/wp-content\/uploads\/2020\/04\/LOGOTIP.png","contentUrl":"https:\/\/www.aqapool.com\/wp-content\/uploads\/2020\/04\/LOGOTIP.png","width":356,"height":137,"caption":"AQA - Dise\u00f1o y fabricaci\u00f3n de productos para piscinas, spas y wellness"},"image":{"@id":"https:\/\/www.aqapool.com\/fr\/#\/schema\/logo\/image\/"}}]}},"_links":{"self":[{"href":"https:\/\/www.aqapool.com\/fr\/wp-json\/wp\/v2\/pages\/3029","targetHints":{"allow":["GET"]}}],"collection":[{"href":"https:\/\/www.aqapool.com\/fr\/wp-json\/wp\/v2\/pages"}],"about":[{"href":"https:\/\/www.aqapool.com\/fr\/wp-json\/wp\/v2\/types\/page"}],"author":[{"embeddable":true,"href":"https:\/\/www.aqapool.com\/fr\/wp-json\/wp\/v2\/users\/1"}],"replies":[{"embeddable":true,"href":"https:\/\/www.aqapool.com\/fr\/wp-json\/wp\/v2\/comments?post=3029"}],"version-history":[{"count":2,"href":"https:\/\/www.aqapool.com\/fr\/wp-json\/wp\/v2\/pages\/3029\/revisions"}],"predecessor-version":[{"id":12721,"href":"https:\/\/www.aqapool.com\/fr\/wp-json\/wp\/v2\/pages\/3029\/revisions\/12721"}],"up":[{"embeddable":true,"href":"https:\/\/www.aqapool.com\/fr\/wp-json\/wp\/v2\/pages\/3053"}],"wp:attachment":[{"href":"https:\/\/www.aqapool.com\/fr\/wp-json\/wp\/v2\/media?parent=3029"}],"curies":[{"name":"wp","href":"https:\/\/api.w.org\/{rel}","templated":true}]}}